{"id":1385,"date":"2024-11-04T22:07:10","date_gmt":"2024-11-04T22:07:10","guid":{"rendered":"https:\/\/elitelaserpro.com\/?page_id=1385"},"modified":"2025-02-24T12:33:14","modified_gmt":"2025-02-24T12:33:14","slug":"termos-e-condicoes","status":"publish","type":"page","link":"https:\/\/elitelaserpro.com\/?page_id=1385","title":{"rendered":"Termos e Condi\u00e7\u00f5es"},"content":{"rendered":"\t\t<div data-elementor-type=\"wp-page\" data-elementor-id=\"1385\" class=\"elementor elementor-1385\">\n\t\t\t\t<div class=\"elementor-element elementor-element-b42e1c1 e-flex e-con-boxed wpr-particle-no wpr-jarallax-no wpr-parallax-no wpr-sticky-section-no e-con e-parent\" data-id=\"b42e1c1\" data-element_type=\"container\">\n\t\t\t\t\t<div class=\"e-con-inner\">\n\t\t\t\t<div class=\"elementor-element elementor-element-aa27f8a elementor-widget elementor-widget-heading\" data-id=\"aa27f8a\" data-element_type=\"widget\" data-widget_type=\"heading.default\">\n\t\t\t\t<div class=\"elementor-widget-container\">\n\t\t\t<style>\/*! elementor - v3.23.0 - 05-08-2024 *\/\n.elementor-heading-title{padding:0;margin:0;line-height:1}.elementor-widget-heading .elementor-heading-title[class*=elementor-size-]>a{color:inherit;font-size:inherit;line-height:inherit}.elementor-widget-heading .elementor-heading-title.elementor-size-small{font-size:15px}.elementor-widget-heading .elementor-heading-title.elementor-size-medium{font-size:19px}.elementor-widget-heading .elementor-heading-title.elementor-size-large{font-size:29px}.elementor-widget-heading .elementor-heading-title.elementor-size-xl{font-size:39px}.elementor-widget-heading .elementor-heading-title.elementor-size-xxl{font-size:59px}<\/style><h2 class=\"elementor-heading-title elementor-size-default\">Termos e Condi\u00e7\u00f5es<\/h2>\t\t<\/div>\n\t\t\t\t<\/div>\n\t\t\t\t<div class=\"elementor-element elementor-element-b1f920f elementor-widget elementor-widget-text-editor\" data-id=\"b1f920f\" data-element_type=\"widget\" data-widget_type=\"text-editor.default\">\n\t\t\t\t<div class=\"elementor-widget-container\">\n\t\t\t<style>\/*! elementor - v3.23.0 - 05-08-2024 *\/\n.elementor-widget-text-editor.elementor-drop-cap-view-stacked .elementor-drop-cap{background-color:#69727d;color:#fff}.elementor-widget-text-editor.elementor-drop-cap-view-framed .elementor-drop-cap{color:#69727d;border:3px solid;background-color:transparent}.elementor-widget-text-editor:not(.elementor-drop-cap-view-default) .elementor-drop-cap{margin-top:8px}.elementor-widget-text-editor:not(.elementor-drop-cap-view-default) .elementor-drop-cap-letter{width:1em;height:1em}.elementor-widget-text-editor .elementor-drop-cap{float:left;text-align:center;line-height:1;font-size:50px}.elementor-widget-text-editor .elementor-drop-cap-letter{display:inline-block}<\/style>\t\t\t\t<div data-id=\"942698d\" data-element_type=\"widget\" data-widget_type=\"text-editor.default\"><h4>PRE\u00c2MBULO<\/h4><p>1.\u00ba Estas condi\u00e7\u00f5es gerais de venda s\u00e3o acordadas entre a\u00a0 &#8216;Elite Laser Pro&#8217;,e as pessoas que desejem efetuar compras atrav\u00e9s do site elitelaserpro.com doravante designadas por \u201cutilizador\u201d.<\/p><p>2.\u00ba As partes acordam que as compras efetuadas atrav\u00e9s do site elitelaserpro.com ser\u00e3o reguladas exclusivamente pelo presente contrato com exclus\u00e3o de quaisquer condi\u00e7\u00f5es previamente dispon\u00edveis no site.<\/p><h4>ARTIGO 1<\/h4><h4>\u2013 OBJETO<\/h4><p>1. As presentes condi\u00e7\u00f5es gerais de venda t\u00eam por objeto disponibilizar e definir todas as informa\u00e7\u00f5es necess\u00e1rias ao utilizador sobre as modalidades de encomenda, venda, pagamento e entrega das compras efetuadas no site elitelaserpro.com.<\/p><p>2. Estas condi\u00e7\u00f5es regulam todas as etapas necess\u00e1rias para realizar a encomenda e garantem o seguimento desta encomenda entre as partes contratantes.<\/p><h4>ARTIGO 2 \u2013 ENCOMENDA<\/h4><p>1. O utilizador concretiza a sua encomenda atrav\u00e9s da conclus\u00e3o do processo de compra apresentado no site elitelaserpro.com, adicionando o(s) produto(s) ou servi\u00e7o(s) que pretende encomendar ao cesto de compras.<\/p><p>2. Para enviar a sua encomenda, o utilizador dever\u00e1:<br \/>a) Registar-se no site elitelaserpro.com fornecendo para o efeito as informa\u00e7\u00f5es a\u00ed solicitadas;<\/p><p>b) Efetuar o \u201clogin\u201d (facultando uma combina\u00e7\u00e3o de e-mail e palavra passe escolhidas pelo utilizador no ato de registo);<\/p><p>c) Completar a informa\u00e7\u00e3o e escolher as op\u00e7\u00f5es que lhe s\u00e3o disponibilizadas ao longo do processo de termino da encomenda (morada de entrega e fatura\u00e7\u00e3o, forma de envio, forma de pagamento, bem como o NIF e o nome que, para efeitos fiscais, pretende que constem na fatura).<\/p><p>3. A confirma\u00e7\u00e3o final da encomenda pelo utilizador equivale \u00e0 aceita\u00e7\u00e3o plena e completa dos pre\u00e7os e descri\u00e7\u00e3o dos produtos dispon\u00edveis para venda, assim como destas Condi\u00e7\u00f5es Gerais de Venda que ser\u00e3o as \u00fanicas aplic\u00e1veis ao contrato assim conclu\u00eddo.<\/p><p>4. A elitelaserpro.com honrar\u00e1 as encomendas recebidas online unicamente at\u00e9 ao limite dos stocks dispon\u00edveis. Na falta de disponibilidade do produto a elitelaserpro.com compromete-se a informar o utilizador logo que lhe seja poss\u00edvel.<\/p><p>5. Os dados constantes na fatura s\u00e3o da inteira responsabilidade do utilizador. A fatura depois de emitida n\u00e3o poder\u00e1 ser reemitida com altera\u00e7\u00f5es.<\/p><p>6. Os pedidos de encomenda t\u00eam uma validade de 24 horas, exceto se a encomenda for registada ao abrigo de uma campanha promocional que defina um prazo diferente, n\u00e3o sendo poss\u00edvel garantir os pre\u00e7os, descontos, promo\u00e7\u00f5es e ofertas para al\u00e9m deste prazo. Caso o pagamento da mesma n\u00e3o seja rececionado pelos nossos servi\u00e7os dentro do referido prazo, a encomenda n\u00e3o poder\u00e1 ser validada. Qualquer valor recebido ap\u00f3s esta data ser\u00e1 usado numa nova encomenda.<\/p><h4>ARTIGO 3 \u2013 PAGAMENTO<\/h4><p>1. No site elitelaserpro.com, a\u00a0 &#8216;POLI\u00c9S &#8211; IND\u00daSTRIA DE ESFEROVITE, LDA&#8217; prop\u00f5e ao utilizador as seguintes modalidades de pagamento:<\/p><p>a) Transfer\u00eancia banc\u00e1ria.<\/p><p>b) MBway<\/p><p>c) Visa \/ Mastercard<\/p><p>d) Paypal<\/p><h4>ARTIGO 4 \u2013 ENTREGA<\/h4><p>1. Envios nacionais, efetuamos a entrega das encomendas em correio registado no prazo m\u00e1ximo de 24h, e 48h para as ilhas.<\/p><p>2. Envios internacionais, a entrega das encomendas depender\u00e1 do pa\u00eds destino assim como da empresa transportadora.<\/p><p>3. \u00c0 encomenda s\u00e3o acrescidos os custos de portes de envio que \u00e9 calculado automaticamente no processo de compra, mediante a indica\u00e7\u00e3o do pa\u00eds de destino.<\/p><h4>ARTIGO 5 \u2013 PRE\u00c7OS<\/h4><p>1. Os pre\u00e7os devem entender-se em Euros, com taxas e impostos inclu\u00eddos, tendo em conta o IVA em vigor \u00e0 data do pagamento da encomenda.<\/p><p>2. Caso se verifique um aumento do pre\u00e7o de algum produto, o utilizador ser\u00e1 informado de imediato, podendo optar por receber a sua encomenda (efetuando o pagamento da diferen\u00e7a) ou por proceder ao seu cancelamento.<\/p><h4>ARTIGO 6 \u2013 CANCELAMENTO E TROCAS<\/h4><p>1. O processo de cancelamento ou troca \u00e9 tratado caso a caso, pela\u00a0 &#8216;POLI\u00c9S &#8211; IND\u00daSTRIA DE ESFEROVITE, LDA&#8217;. O pedido dever\u00e1 chegar por escrito para o e-mail de contacto geral@elitelaserpro.com, at\u00e9 5 (cinco) dias ap\u00f3s a encomenda, sendo as instru\u00e7\u00f5es de cancelamento ou troca da mercadoria respondidas e definidas pela\u00a0 &#8216;POLI\u00c9S &#8211; IND\u00daSTRIA DE ESFEROVITE, LDA&#8217; pelo mesmo meio de comunica\u00e7\u00e3o.<\/p><p>2. Os produtos para troca t\u00eam obrigatoriamente de se encontrar em condi\u00e7\u00f5es de venda, ou seja, no mesmo estado em que chegaram \u00e0s m\u00e3os do utilizador, sem qualquer anomalia ou dano.<\/p><p>3. Se o valor resultante da troca de produtos de uma encomenda for inferior ou superior ao valor inicial da mesma, as condi\u00e7\u00f5es de acerto ser\u00e3o indicadas pela\u00a0 &#8216;POLI\u00c9S &#8211; IND\u00daSTRIA DE ESFEROVITE, LDA&#8217;.<\/p><h4>ARTIGO 7 \u2013 PROMO\u00c7\u00d5ES<\/h4><p>1. Desconto ser\u00e1 aplicado apenas em artigos assinalados n\u00e3o acumul\u00e1vel com outras promo\u00e7\u00f5es em vigor.<\/p><p>2. Promo\u00e7\u00f5es v\u00e1lidas\u00a0de 1 de janeiro a 31 de mar\u00e7o de 2024, limitadas ao stock existente.<\/p><h4>ARTIGO 8 \u2013 POL\u00cdTICA DE PRIVACIDADE<\/h4><p>O tratamento dos seus dados \u00e9 feito no cumprimento da legisla\u00e7\u00e3o sobre a prote\u00e7\u00e3o de dados pessoais. Os mesmos, sujeitos a tratamento inform\u00e1tico, constar\u00e3o na(s) base(s) de dados da\u00a0 &#8216;POLI\u00c9S &#8211; IND\u00daSTRIA DE ESFEROVITE, LDA&#8217; e destinam-se ao registo e apresenta\u00e7\u00e3o de outros produtos e servi\u00e7os, bem como informa\u00e7\u00e3o institucional, a disponibilizar pelas mesmas.<\/p><p>O seu fornecimento \u00e9 facultativo e \u00e9 garantido, nos termos da lei, o direito de acesso, retifica\u00e7\u00e3o e anula\u00e7\u00e3o de qualquer dado que lhe diga diretamente respeito, pessoalmente ou por via escrita, diretamente para o endere\u00e7o constante na p\u00e1gina inicial deste site.<\/p><p>Para saber mais informa\u00e7\u00f5es acerca deste assunto, consulte a informa\u00e7\u00e3o sobre a <a href=\"https:\/\/katedrall.eu\/politica-de-privacidade\/\">Pol\u00edtica de Privacidade.<\/a><\/p><\/div>\t\t\t\t\t\t<\/div>\n\t\t\t\t<\/div>\n\t\t\t\t\t<\/div>\n\t\t\t\t<\/div>\n\t\t\t\t<\/div>\n\t\t","protected":false},"excerpt":{"rendered":"<p>Termos e Condi\u00e7\u00f5es PRE\u00c2MBULO 1.\u00ba Estas condi\u00e7\u00f5es gerais de venda s\u00e3o acordadas entre a\u00a0 &#8216;Elite Laser Pro&#8217;,e as pessoas que desejem efetuar compras atrav\u00e9s do site elitelaserpro.com doravante designadas por \u201cutilizador\u201d. 2.\u00ba As partes acordam que as compras efetuadas atrav\u00e9s do site elitelaserpro.com ser\u00e3o reguladas exclusivamente pelo presente contrato com exclus\u00e3o de quaisquer condi\u00e7\u00f5es previamente dispon\u00edveis no site. ARTIGO 1 \u2013 OBJETO 1. As presentes condi\u00e7\u00f5es gerais de venda t\u00eam por objeto disponibilizar e definir todas as informa\u00e7\u00f5es necess\u00e1rias ao utilizador sobre as modalidades de encomenda, venda, pagamento e entrega das compras efetuadas no site elitelaserpro.com. 2. Estas condi\u00e7\u00f5es regulam todas as etapas necess\u00e1rias para realizar a encomenda e garantem o seguimento desta encomenda entre as partes contratantes. ARTIGO 2 \u2013 ENCOMENDA 1. O utilizador concretiza a sua encomenda atrav\u00e9s da conclus\u00e3o do processo de compra apresentado no site elitelaserpro.com, adicionando o(s) produto(s) ou servi\u00e7o(s) que pretende encomendar ao cesto de compras. 2. Para enviar a sua encomenda, o utilizador dever\u00e1:a) Registar-se no site elitelaserpro.com fornecendo para o efeito as informa\u00e7\u00f5es a\u00ed solicitadas; b) Efetuar o \u201clogin\u201d (facultando uma combina\u00e7\u00e3o de e-mail e palavra passe escolhidas pelo utilizador no ato de registo); c) Completar a informa\u00e7\u00e3o e escolher as op\u00e7\u00f5es que lhe s\u00e3o disponibilizadas ao longo do processo de termino da encomenda (morada de entrega e fatura\u00e7\u00e3o, forma de envio, forma de pagamento, bem como o NIF e o nome que, para efeitos fiscais, pretende que constem na fatura). 3. A confirma\u00e7\u00e3o final da encomenda pelo utilizador equivale \u00e0 aceita\u00e7\u00e3o plena e completa dos pre\u00e7os e descri\u00e7\u00e3o dos produtos dispon\u00edveis para venda, assim como destas Condi\u00e7\u00f5es Gerais de Venda que ser\u00e3o as \u00fanicas aplic\u00e1veis ao contrato assim conclu\u00eddo. 4. A elitelaserpro.com honrar\u00e1 as encomendas recebidas online unicamente at\u00e9 ao limite dos stocks dispon\u00edveis. Na falta de disponibilidade do produto a elitelaserpro.com compromete-se a informar o utilizador logo que lhe seja poss\u00edvel. 5. Os dados constantes na fatura s\u00e3o da inteira responsabilidade do utilizador. A fatura depois de emitida n\u00e3o poder\u00e1 ser reemitida com altera\u00e7\u00f5es. 6. Os pedidos de encomenda t\u00eam uma validade de 24 horas, exceto se a encomenda for registada ao abrigo de uma campanha promocional que defina um prazo diferente, n\u00e3o sendo poss\u00edvel garantir os pre\u00e7os, descontos, promo\u00e7\u00f5es e ofertas para al\u00e9m deste prazo. Caso o pagamento da mesma n\u00e3o seja rececionado pelos nossos servi\u00e7os dentro do referido prazo, a encomenda n\u00e3o poder\u00e1 ser validada. Qualquer valor recebido ap\u00f3s esta data ser\u00e1 usado numa nova encomenda. ARTIGO 3 \u2013 PAGAMENTO 1. No site elitelaserpro.com, a\u00a0 &#8216;POLI\u00c9S &#8211; IND\u00daSTRIA DE ESFEROVITE, LDA&#8217; prop\u00f5e ao utilizador as seguintes modalidades de pagamento: a) Transfer\u00eancia banc\u00e1ria. b) MBway c) Visa \/ Mastercard d) Paypal ARTIGO 4 \u2013 ENTREGA 1. Envios nacionais, efetuamos a entrega das encomendas em correio registado no prazo m\u00e1ximo de 24h, e 48h para as ilhas. 2. Envios internacionais, a entrega das encomendas depender\u00e1 do pa\u00eds destino assim como da empresa transportadora. 3. \u00c0 encomenda s\u00e3o acrescidos os custos de portes de envio que \u00e9 calculado automaticamente no processo de compra, mediante a indica\u00e7\u00e3o do pa\u00eds de destino. ARTIGO 5 \u2013 PRE\u00c7OS 1. Os pre\u00e7os devem entender-se em Euros, com taxas e impostos inclu\u00eddos, tendo em conta o IVA em vigor \u00e0 data do pagamento da encomenda. 2. Caso se verifique um aumento do pre\u00e7o de algum produto, o utilizador ser\u00e1 informado de imediato, podendo optar por receber a sua encomenda (efetuando o pagamento da diferen\u00e7a) ou por proceder ao seu cancelamento. ARTIGO 6 \u2013 CANCELAMENTO E TROCAS 1. O processo de cancelamento ou troca \u00e9 tratado caso a caso, pela\u00a0 &#8216;POLI\u00c9S &#8211; IND\u00daSTRIA DE ESFEROVITE, LDA&#8217;. O pedido dever\u00e1 chegar por escrito para o e-mail de contacto geral@elitelaserpro.com, at\u00e9 5 (cinco) dias ap\u00f3s a encomenda, sendo as instru\u00e7\u00f5es de cancelamento ou troca da mercadoria respondidas e definidas pela\u00a0 &#8216;POLI\u00c9S &#8211; IND\u00daSTRIA DE ESFEROVITE, LDA&#8217; pelo mesmo meio de comunica\u00e7\u00e3o. 2. Os produtos para troca t\u00eam obrigatoriamente de se encontrar em condi\u00e7\u00f5es de venda, ou seja, no mesmo estado em que chegaram \u00e0s m\u00e3os do utilizador, sem qualquer anomalia ou dano. 3. Se o valor resultante da troca de produtos de uma encomenda for inferior ou superior ao valor inicial da mesma, as condi\u00e7\u00f5es de acerto ser\u00e3o indicadas pela\u00a0 &#8216;POLI\u00c9S &#8211; IND\u00daSTRIA DE ESFEROVITE, LDA&#8217;. ARTIGO 7 \u2013 PROMO\u00c7\u00d5ES 1. Desconto ser\u00e1 aplicado apenas em artigos assinalados n\u00e3o acumul\u00e1vel com outras promo\u00e7\u00f5es em vigor. 2. Promo\u00e7\u00f5es v\u00e1lidas\u00a0de 1 de janeiro a 31 de mar\u00e7o de 2024, limitadas ao stock existente. ARTIGO 8 \u2013 POL\u00cdTICA DE PRIVACIDADE O tratamento dos seus dados \u00e9 feito no cumprimento da legisla\u00e7\u00e3o sobre a prote\u00e7\u00e3o de dados pessoais. Os mesmos, sujeitos a tratamento inform\u00e1tico, constar\u00e3o na(s) base(s) de dados da\u00a0 &#8216;POLI\u00c9S &#8211; IND\u00daSTRIA DE ESFEROVITE, LDA&#8217; e destinam-se ao registo e apresenta\u00e7\u00e3o de outros produtos e servi\u00e7os, bem como informa\u00e7\u00e3o institucional, a disponibilizar pelas mesmas. O seu fornecimento \u00e9 facultativo e \u00e9 garantido, nos termos da lei, o direito de acesso, retifica\u00e7\u00e3o e anula\u00e7\u00e3o de qualquer dado que lhe diga diretamente respeito, pessoalmente ou por via escrita, diretamente para o endere\u00e7o constante na p\u00e1gina inicial deste site. Para saber mais informa\u00e7\u00f5es acerca deste assunto, consulte a informa\u00e7\u00e3o sobre a Pol\u00edtica de Privacidade.<\/p>\n","protected":false},"author":1,"featured_media":0,"parent":0,"menu_order":0,"comment_status":"closed","ping_status":"closed","template":"elementor_canvas","meta":{"footnotes":""},"class_list":["post-1385","page","type-page","status-publish","hentry"],"_links":{"self":[{"href":"https:\/\/elitelaserpro.com\/index.php?rest_route=\/wp\/v2\/pages\/1385","targetHints":{"allow":["GET"]}}],"collection":[{"href":"https:\/\/elitelaserpro.com\/index.php?rest_route=\/wp\/v2\/pages"}],"about":[{"href":"https:\/\/elitelaserpro.com\/index.php?rest_route=\/wp\/v2\/types\/page"}],"author":[{"embeddable":true,"href":"https:\/\/elitelaserpro.com\/index.php?rest_route=\/wp\/v2\/users\/1"}],"replies":[{"embeddable":true,"href":"https:\/\/elitelaserpro.com\/index.php?rest_route=%2Fwp%2Fv2%2Fcomments&post=1385"}],"version-history":[{"count":13,"href":"https:\/\/elitelaserpro.com\/index.php?rest_route=\/wp\/v2\/pages\/1385\/revisions"}],"predecessor-version":[{"id":1463,"href":"https:\/\/elitelaserpro.com\/index.php?rest_route=\/wp\/v2\/pages\/1385\/revisions\/1463"}],"wp:attachment":[{"href":"https:\/\/elitelaserpro.com\/index.php?rest_route=%2Fwp%2Fv2%2Fmedia&parent=1385"}],"curies":[{"name":"wp","href":"https:\/\/api.w.org\/{rel}","templated":true}]}}